{"id":256,"date":"2018-03-16T09:53:05","date_gmt":"2018-03-16T08:53:05","guid":{"rendered":"http:\/\/dev-www.comune.torino.it\/ponmetro\/?page_id=256"},"modified":"2018-04-20T12:34:42","modified_gmt":"2018-04-20T10:34:42","slug":"pon-metro-torino-presentazione","status":"publish","type":"page","link":"https:\/\/risorse.comune.torino.it\/ponmetro\/pon-metro-torino-presentazione\/","title":{"rendered":"PON Metro Torino"},"content":{"rendered":"\n<p>Il Programma Operativo Nazionale Citt\u00e0 Metropolitane  2014-2020 (PON Metro) \u00e8 un programma, adottato dalla Commissione Europea, volto  a migliorare la qualit\u00e0 dei servizi e a promuovere l\u2019inclusione sociale in 14  Citt\u00e0 Metropolitane, tra cui Torino.<\/p>\n<p> Un nuovo strumento che affianca i territorio urbani verso la  costruzione di citt\u00e0 pi\u00f9 intelligenti, in linea con le strategie dell\u2019Agenda  urbana europea e con gli obiettivi di Europa 2020.<br \/>\n            Il Programma, a titolarit\u00e0 dell\u2019Agenzia per la Coesione  Territoriale in qualit\u00e0 di Autorit\u00e0 di Gestione e di Certificazione,  responsabile della gestione e attuazione, persegue l\u2019obiettivo di incidere su  alcuni nodi che ostacolano lo sviluppo delle maggiori aree urbane del paese.<br \/>\n            Mira&nbsp; essenzialmente a  potenziare e migliorare i servizi offerti ai cittadini residenti ed ai city  users.<br \/>\n            Si focalizza su due driver strategici:<\/p>\n<ul type=\"disc\">\n<li>l\u2019applicazione       del paradigma Smart City per il ridisegno e la modernizzazione dei servizi       urbani;<\/li>\n<li>l\u2019adozione       di iniziative di promozione sociale, per rafforzare i servizi di       inclusione sociale per i segmenti di popolazione pi\u00f9 fragile e per aree e quartieri       degradati.<\/li>\n<\/ul>\n<p>DOTAZIONE  FINANZIARIA COMPLESSIVA<br \/>\n            892.933.334,  00 \u20ac<\/p>\n<p class=\"u-textCenter\"><a href=\"\/ponmetro\/risorse\/im\/Img_1.png\" target=\"_blank\"><img decoding=\"async\" alt=\"PON Metro Torino\" src=\"\/ponmetro\/risorse\/im\/Img_1.png\" style=\"width: 400px; height: 436px;\"><\/a><\/p>\n<p>ll programma si inserisce nel quadro dell&#8217;Agenda urbana nazionale e delle strategie di sviluppo urbano sostenibile, delineati nell&#8217;accordo di Partenariato della programmazione 2014-2020. <strong>La dotazione finanziaria totale del Programma, per i suoi sette anni di durata, \u00e8 di circa 893.000.000 di euro, di cui 588.000.000 euro<\/strong> a valere sui Fondi strutturali europei (446.000.000 euro a valere sul FESR e 142.000.000 euro sul FSE) e 305.000.000 di co-finanziamento nazionale.<\/p>\n","protected":false},"excerpt":{"rendered":"<p>Il Programma Operativo Nazionale Citt\u00e0 Metropolitane 2014-2020 (PON Metro) \u00e8 un programma, adottato dalla Commissione Europea, volto a migliorare la qualit\u00e0 dei servizi e a promuovere l\u2019inclusione sociale in 14 Citt\u00e0 Metropolitane, tra cui Torino. Un nuovo strumento che affianca i territorio urbani verso la costruzione di citt\u00e0 pi\u00f9 intelligenti, in linea con le strategie [&hellip;]<\/p>\n","protected":false},"author":1,"featured_media":111,"parent":0,"menu_order":0,"comment_status":"closed","ping_status":"closed","template":"","meta":[],"_links":{"self":[{"href":"https:\/\/risorse.comune.torino.it\/ponmetro\/wp-json\/wp\/v2\/pages\/256"}],"collection":[{"href":"https:\/\/risorse.comune.torino.it\/ponmetro\/wp-json\/wp\/v2\/pages"}],"about":[{"href":"https:\/\/risorse.comune.torino.it\/ponmetro\/wp-json\/wp\/v2\/types\/page"}],"author":[{"embeddable":true,"href":"https:\/\/risorse.comune.torino.it\/ponmetro\/wp-json\/wp\/v2\/users\/1"}],"replies":[{"embeddable":true,"href":"https:\/\/risorse.comune.torino.it\/ponmetro\/wp-json\/wp\/v2\/comments?post=256"}],"version-history":[{"count":11,"href":"https:\/\/risorse.comune.torino.it\/ponmetro\/wp-json\/wp\/v2\/pages\/256\/revisions"}],"predecessor-version":[{"id":839,"href":"https:\/\/risorse.comune.torino.it\/ponmetro\/wp-json\/wp\/v2\/pages\/256\/revisions\/839"}],"wp:featuredmedia":[{"embeddable":true,"href":"https:\/\/risorse.comune.torino.it\/ponmetro\/wp-json\/wp\/v2\/media\/111"}],"wp:attachment":[{"href":"https:\/\/risorse.comune.torino.it\/ponmetro\/wp-json\/wp\/v2\/media?parent=256"}],"curies":[{"name":"wp","href":"https:\/\/api.w.org\/{rel}","templated":true}]}}