{"id":175,"date":"2018-03-15T11:32:11","date_gmt":"2018-03-15T10:32:11","guid":{"rendered":"http:\/\/dev-www.comune.torino.it\/ponmetro\/?page_id=175"},"modified":"2020-04-17T09:59:01","modified_gmt":"2020-04-17T07:59:01","slug":"la-strategia-di-torino","status":"publish","type":"page","link":"https:\/\/risorse.comune.torino.it\/ponmetro\/la-strategia-di-torino\/","title":{"rendered":"La strategia di Torino"},"content":{"rendered":"<p>All\u2019interno di ogni ambito di intervento (Assi) la Citt\u00e0 di Torino ha definito la propria progettualit\u00e0 privilegiando i seguenti aspetti:<\/p>\n<ul>\n<li>garantire maggiore accessibilit\u00e0 ai servizi digitali, migliorando l\u2019accesso alle tecnologie dell\u2019informazione e della comunicazione, nonch\u00e9 l\u2019impiego e la qualit\u00e0 delle stesse (Asse 1);<\/li>\n<li>migliorare la mobilit\u00e0 cittadina privata, pubblica e di movimentazione delle marci attraverso l\u2019introduzione di sistemi informatici intelligenti (Asse 2);<\/li>\n<li>ampliare e migliorare la mobilit\u00e0 \u201clenta\u201d, attraverso la creazione di nuove piste ciclabili (Asse 2);<\/li>\n<li>rendere gli edifici pubblici pi\u00f9 <a href=\"https:\/\/writingessayeast.com\/\">writing essay<\/a> efficienti dal punto di vista energetico, mediante interventi di ristrutturazione e conversione energetica (Asse 2);<\/li>\n<li>contrastare le diverse forme di marginalit\u00e0 e disagio, promuovendo l\u2019inclusione sociale (Asse 3);<\/li>\n<li>ridurre il numero di individui esposti a disagio abitativo, attraverso la conversione di edifici comunali in abitazioni ad edilizia convenzionata (Asse 4).<\/li>\n<\/ul>\n","protected":false},"excerpt":{"rendered":"<p>All\u2019interno di ogni ambito di intervento (Assi) la Citt\u00e0 di Torino ha definito la propria progettualit\u00e0 privilegiando i seguenti aspetti: garantire maggiore accessibilit\u00e0 ai servizi digitali, migliorando l\u2019accesso alle tecnologie dell\u2019informazione e della comunicazione, nonch\u00e9 l\u2019impiego e la qualit\u00e0 delle stesse (Asse 1); migliorare la mobilit\u00e0 cittadina privata, pubblica e di movimentazione delle marci attraverso [&hellip;]<\/p>\n","protected":false},"author":1,"featured_media":111,"parent":0,"menu_order":0,"comment_status":"closed","ping_status":"closed","template":"","meta":[],"_links":{"self":[{"href":"https:\/\/risorse.comune.torino.it\/ponmetro\/wp-json\/wp\/v2\/pages\/175"}],"collection":[{"href":"https:\/\/risorse.comune.torino.it\/ponmetro\/wp-json\/wp\/v2\/pages"}],"about":[{"href":"https:\/\/risorse.comune.torino.it\/ponmetro\/wp-json\/wp\/v2\/types\/page"}],"author":[{"embeddable":true,"href":"https:\/\/risorse.comune.torino.it\/ponmetro\/wp-json\/wp\/v2\/users\/1"}],"replies":[{"embeddable":true,"href":"https:\/\/risorse.comune.torino.it\/ponmetro\/wp-json\/wp\/v2\/comments?post=175"}],"version-history":[{"count":11,"href":"https:\/\/risorse.comune.torino.it\/ponmetro\/wp-json\/wp\/v2\/pages\/175\/revisions"}],"predecessor-version":[{"id":1434,"href":"https:\/\/risorse.comune.torino.it\/ponmetro\/wp-json\/wp\/v2\/pages\/175\/revisions\/1434"}],"wp:featuredmedia":[{"embeddable":true,"href":"https:\/\/risorse.comune.torino.it\/ponmetro\/wp-json\/wp\/v2\/media\/111"}],"wp:attachment":[{"href":"https:\/\/risorse.comune.torino.it\/ponmetro\/wp-json\/wp\/v2\/media?parent=175"}],"curies":[{"name":"wp","href":"https:\/\/api.w.org\/{rel}","templated":true}]}}