{"id":1454,"date":"2020-04-28T12:54:49","date_gmt":"2020-04-28T10:54:49","guid":{"rendered":"https:\/\/risorse.comune.torino.it\/ponmetro\/?page_id=1454"},"modified":"2020-04-28T15:18:00","modified_gmt":"2020-04-28T13:18:00","slug":"buoni-spesa-11mila-richieste-accolte-grazie-alla-piattaforma-torinofacile","status":"publish","type":"page","link":"https:\/\/risorse.comune.torino.it\/ponmetro\/buoni-spesa-11mila-richieste-accolte-grazie-alla-piattaforma-torinofacile\/","title":{"rendered":"Buoni spesa: 11mila richieste accolte grazie alla piattaforma TorinoFacile"},"content":{"rendered":"<p>Torino ha ripensato, in risposta all&#8217;emergenza sanitaria in corso, a rimodulare alcune azioni di Agenda Digitale del <a href=\"http:\/\/www.ponmetro.it\/\" target=\"_blank\" rel=\"noopener noreferrer\">PON Metro<\/a>. Rafforzando alcuni progetti inclusi nell&#8217;<a href=\"https:\/\/risorse.comune.torino.it\/ponmetro\/elenco-progetti-asse-1\/\" target=\"_blank\" rel=\"noopener noreferrer\">Asse 1<\/a> tra cui, \u201c<a href=\"http:\/\/www.ponmetro.it\/progetto\/?codice=TO1.1.1.l\" target=\"_blank\" rel=\"noopener noreferrer\">Il portale dei servizi<\/a>\u201d che ha permesso di generare il sistema online di attribuzione e uso dei buoni spesa erogati dal Governo per l&#8217;emergenza.<\/p>\n<p>La Citt\u00e0 in soli due giorni \u00e8 riuscita ad acquisire le domande e a prendere in carico circa 11mila nuclei familiari grazie alla <a href=\"https:\/\/moon.patrim.csi.it\/buonispesa.html\" target=\"_blank\" rel=\"noopener noreferrer\">nuova piattaforma<\/a>, frutto del lavoro di squadra tra CSI Piemonte, partner tecnologico, e il Servizio Sistemi Informativi, per un valore complessivo di circa 4 milioni di euro, ed \u00e8 gi\u00e0 impegnata per poter proseguire questa azione, sempre pi\u00f9 indispensabile.<\/p>\n<p>A seguito all&#8217;elevato numero di domande presentate il budget messo a disposizione della Citt\u00e0 con l\u2019Ordinanza del Capo del dipartimento della Protezione civile e destinato alla fornitura buoni spesa per le persone in difficolt\u00e0 a causa dell\u2019emergenza Covid-19, \u00e8 al momento esaurito. Sono al vaglio forme alternative di aiuto.<\/p>\n<p>Si sta inoltre lavorando, sempre con risorse di Agenda Digitale, per perfezionare tutti gli strumenti informatici a supporto delle attivit\u00e0 del lavoro agile, divenuto a causa della pandemia la modalit\u00e0 ordinaria della prestazione dell\u2019attivit\u00e0 lavorativa delle Pubbliche Amministrazioni. Lo smart working, che ad oggi vede l\u2019impiego di oltre 4.000 persone all&#8217;interno dell\u2019amministrazione torinese, \u00e8 cresciuto anche grazie al perfezionamento di alcuni applicativi fruibili da remoto. \u00c8 il caso della piattaforma \u201cStilo\u201d, applicativo per la dematerializzazione dei processi deliberativi della Citt\u00e0.<\/p>\n","protected":false},"excerpt":{"rendered":"<p>Torino ha ripensato, in risposta all&#8217;emergenza sanitaria in corso, a rimodulare alcune azioni di Agenda Digitale del PON Metro. Rafforzando alcuni progetti inclusi nell&#8217;Asse 1 tra cui, \u201cIl portale dei servizi\u201d che ha permesso di generare il sistema online di attribuzione e uso dei buoni spesa erogati dal Governo per l&#8217;emergenza. La Citt\u00e0 in soli [&hellip;]<\/p>\n","protected":false},"author":3,"featured_media":0,"parent":0,"menu_order":0,"comment_status":"closed","ping_status":"closed","template":"","meta":[],"_links":{"self":[{"href":"https:\/\/risorse.comune.torino.it\/ponmetro\/wp-json\/wp\/v2\/pages\/1454"}],"collection":[{"href":"https:\/\/risorse.comune.torino.it\/ponmetro\/wp-json\/wp\/v2\/pages"}],"about":[{"href":"https:\/\/risorse.comune.torino.it\/ponmetro\/wp-json\/wp\/v2\/types\/page"}],"author":[{"embeddable":true,"href":"https:\/\/risorse.comune.torino.it\/ponmetro\/wp-json\/wp\/v2\/users\/3"}],"replies":[{"embeddable":true,"href":"https:\/\/risorse.comune.torino.it\/ponmetro\/wp-json\/wp\/v2\/comments?post=1454"}],"version-history":[{"count":1,"href":"https:\/\/risorse.comune.torino.it\/ponmetro\/wp-json\/wp\/v2\/pages\/1454\/revisions"}],"predecessor-version":[{"id":1455,"href":"https:\/\/risorse.comune.torino.it\/ponmetro\/wp-json\/wp\/v2\/pages\/1454\/revisions\/1455"}],"wp:attachment":[{"href":"https:\/\/risorse.comune.torino.it\/ponmetro\/wp-json\/wp\/v2\/media?parent=1454"}],"curies":[{"name":"wp","href":"https:\/\/api.w.org\/{rel}","templated":true}]}}