{"id":1334,"date":"2019-10-09T12:03:12","date_gmt":"2019-10-09T10:03:12","guid":{"rendered":"https:\/\/risorse.comune.torino.it\/ponmetro\/?page_id=1334"},"modified":"2019-10-09T12:11:25","modified_gmt":"2019-10-09T10:11:25","slug":"torinofacile-vince-gli-nc-digital-awards","status":"publish","type":"page","link":"https:\/\/risorse.comune.torino.it\/ponmetro\/torinofacile-vince-gli-nc-digital-awards\/","title":{"rendered":"TorinoFacile vince gli NC Digital Awards"},"content":{"rendered":"<p>Il premio alla migliore comunicazione digitale \u00e8 stato assegnato, per l\u2019edizione 2019, a <a href=\"https:\/\/servizi.torinofacile.it\/info\/\">TorinoFacile<\/a>, il portale di servizi online della Citt\u00e0, realizzato da CSI Piemonte, finanziato all\u2019interno della misura <a href=\"http:\/\/www.ponmetro.it\/progetto\/?codice=TO1.1.1.l\">1.1.1.l \u201cIl portale dei Servizi\u201d<\/a> del PON Metro 2014-2020. La proclamazione dei vincitori del concorso, considerato l\u2019Oscar italiano della creativit\u00e0 e della comunicazione digitale, \u00e8 avvenuta ieri al Talent Garden Calabiana di Milano. Citt\u00e0 di Torino e CSI Piemonte premiati, per il sito e la campagna di comunicazione, nella categoria \u201csiti istituzionali\u201d.<br \/>\nVera e propria porta d\u2019ingresso a tutti i servizi digitali della Citt\u00e0, permette di accedere ai servizi on-line dell\u2019amministrazione, da computer o da smartphone, 24 ore su 24.<br \/>\n850.000 gli accessi al portale, da gennaio a settembre 2019, di cui 232.000 con Spid, il Sistema Pubblico di Identit\u00e0 Digitale, che permette di accedere a tutti i servizi on line della PA con un\u2019unica Identit\u00e0 Digitale (username e password). Tra quelli pi\u00f9 utilizzati con 210.000 accessi troviamo Mio Torinofacile che permette al cittadino di accedere ai suoi dati, dalle informazioni anagrafiche a quelle tributarie, e ricevere le notifiche sul suo smartphone, senza recarsi agli sportelli comunali. A seguire il servizio di consultazione delle pratiche edilizie con 100.000 accessi, CertificaTo che consente di stampare, o salvare sul pc, un certificato anagrafico o di stato civile fino al servizio di iscrizione ai nidi d\u2019infanzia che permette alle famiglie di iscrivere i propri figli direttamente on line e verificare le graduatorie.<\/p>\n","protected":false},"excerpt":{"rendered":"<p>Il premio alla migliore comunicazione digitale \u00e8 stato assegnato, per l\u2019edizione 2019, a TorinoFacile, il portale di servizi online della Citt\u00e0, realizzato da CSI Piemonte, finanziato all\u2019interno della misura 1.1.1.l \u201cIl portale dei Servizi\u201d del PON Metro 2014-2020. La proclamazione dei vincitori del concorso, considerato l\u2019Oscar italiano della creativit\u00e0 e della comunicazione digitale, \u00e8 avvenuta [&hellip;]<\/p>\n","protected":false},"author":3,"featured_media":0,"parent":0,"menu_order":0,"comment_status":"closed","ping_status":"closed","template":"","meta":[],"_links":{"self":[{"href":"https:\/\/risorse.comune.torino.it\/ponmetro\/wp-json\/wp\/v2\/pages\/1334"}],"collection":[{"href":"https:\/\/risorse.comune.torino.it\/ponmetro\/wp-json\/wp\/v2\/pages"}],"about":[{"href":"https:\/\/risorse.comune.torino.it\/ponmetro\/wp-json\/wp\/v2\/types\/page"}],"author":[{"embeddable":true,"href":"https:\/\/risorse.comune.torino.it\/ponmetro\/wp-json\/wp\/v2\/users\/3"}],"replies":[{"embeddable":true,"href":"https:\/\/risorse.comune.torino.it\/ponmetro\/wp-json\/wp\/v2\/comments?post=1334"}],"version-history":[{"count":1,"href":"https:\/\/risorse.comune.torino.it\/ponmetro\/wp-json\/wp\/v2\/pages\/1334\/revisions"}],"predecessor-version":[{"id":1335,"href":"https:\/\/risorse.comune.torino.it\/ponmetro\/wp-json\/wp\/v2\/pages\/1334\/revisions\/1335"}],"wp:attachment":[{"href":"https:\/\/risorse.comune.torino.it\/ponmetro\/wp-json\/wp\/v2\/media?parent=1334"}],"curies":[{"name":"wp","href":"https:\/\/api.w.org\/{rel}","templated":true}]}}