{"id":1192,"date":"2019-06-11T12:29:14","date_gmt":"2019-06-11T10:29:14","guid":{"rendered":"https:\/\/risorse.comune.torino.it\/ponmetro\/?page_id=1192"},"modified":"2019-10-02T14:12:40","modified_gmt":"2019-10-02T12:12:40","slug":"mirafiorisicura-presentazione-del-progetto","status":"publish","type":"page","link":"https:\/\/risorse.comune.torino.it\/ponmetro\/mirafiorisicura-presentazione-del-progetto\/","title":{"rendered":"MirafioriS\u00eccura &#8211; Presentazione del progetto"},"content":{"rendered":"<p>Mercoled\u00ec 12 Giugno alle ore 16.00 si terr\u00e0 la presentazione del progetto MirafioriS\u00eccura. L\u2019evento si svolger\u00e0 presso il Centro del Protagonismo Giovanile in Strada delle Cacce, 36 a Torino.<\/p>\n<p>Il progetto, che rientra tra quelli ammessi a finanziamento nell&#8217;ambito della <a href=\"http:\/\/www.ponmetro.it\/progetto?codice=TO3.3.1.a\">Misura 3.3.1.a<\/a>, \u00e8\u00a0 promosso dalla Cooperativa Sociale Mirafiori in partnership con la Cooperativa Sociale L\u2019Arcobaleno e la Cooperativa Sociale I Passi. Si prefigge di ideare, progettare e attivare tre servizi di prossimit\u00e0, rispondendo ai bisogni di mobilit\u00e0, di socialit\u00e0 e di intrattenimento culturale dei cittadini nell\u2019area centrale di Mirafiori Sud.<\/p>\n<p>\u2714\ufe0f MiraSocial, Forno Sociale<br \/>\n\u2714\ufe0f MiraBike, Ciclofficina di quartiere<br \/>\n\u2714\ufe0f MiraCulture, Ecobar<\/p>\n<p>Mirafiori S\u00eccura \u00e8 uno dei progetti finanziati dalla Citt\u00e0 di Torino, con fondi PON Metro 2014-2020, nell&#8217;ambito del progetto Torino Social Factory.<\/p>\n<p>Per saperne di pi\u00f9 visita il sito <a href=\"http:\/\/torinosocialfactory.it\/portfolio_page\/mirafiorisicura\/?fbclid=IwAR2wBeZKhTQxCqPhe-T1xCZYdLhoknlMPBJ9HeV_ztbB0hIlYTqBiflJMEw\">torinosocialfactory<\/a><\/p>\n","protected":false},"excerpt":{"rendered":"<p>Mercoled\u00ec 12 Giugno alle ore 16.00 si terr\u00e0 la presentazione del progetto MirafioriS\u00eccura. L\u2019evento si svolger\u00e0 presso il Centro del Protagonismo Giovanile in Strada delle Cacce, 36 a Torino. Il progetto, che rientra tra quelli ammessi a finanziamento nell&#8217;ambito della Misura 3.3.1.a, \u00e8\u00a0 promosso dalla Cooperativa Sociale Mirafiori in partnership con la Cooperativa Sociale L\u2019Arcobaleno [&hellip;]<\/p>\n","protected":false},"author":3,"featured_media":0,"parent":0,"menu_order":0,"comment_status":"closed","ping_status":"closed","template":"","meta":[],"_links":{"self":[{"href":"https:\/\/risorse.comune.torino.it\/ponmetro\/wp-json\/wp\/v2\/pages\/1192"}],"collection":[{"href":"https:\/\/risorse.comune.torino.it\/ponmetro\/wp-json\/wp\/v2\/pages"}],"about":[{"href":"https:\/\/risorse.comune.torino.it\/ponmetro\/wp-json\/wp\/v2\/types\/page"}],"author":[{"embeddable":true,"href":"https:\/\/risorse.comune.torino.it\/ponmetro\/wp-json\/wp\/v2\/users\/3"}],"replies":[{"embeddable":true,"href":"https:\/\/risorse.comune.torino.it\/ponmetro\/wp-json\/wp\/v2\/comments?post=1192"}],"version-history":[{"count":9,"href":"https:\/\/risorse.comune.torino.it\/ponmetro\/wp-json\/wp\/v2\/pages\/1192\/revisions"}],"predecessor-version":[{"id":1330,"href":"https:\/\/risorse.comune.torino.it\/ponmetro\/wp-json\/wp\/v2\/pages\/1192\/revisions\/1330"}],"wp:attachment":[{"href":"https:\/\/risorse.comune.torino.it\/ponmetro\/wp-json\/wp\/v2\/media?parent=1192"}],"curies":[{"name":"wp","href":"https:\/\/api.w.org\/{rel}","templated":true}]}}